{"id":313,"date":"2020-02-18T14:03:19","date_gmt":"2020-02-18T13:03:19","guid":{"rendered":"http:\/\/ceta54.fr\/?page_id=313"},"modified":"2020-02-20T14:06:52","modified_gmt":"2020-02-20T13:06:52","slug":"lapiculture-ludique","status":"publish","type":"page","link":"https:\/\/ceta54.fr\/index.php\/lapiculture-ludique\/","title":{"rendered":"L&rsquo;apiculture ludique"},"content":{"rendered":"<p>D\u00e9couvrez le monde des abeilles avec des jeux et vid\u00e9os, le\u00a0 vocabulaire utilis\u00e9, les races d&rsquo;abeilles, l&rsquo;anatomie et bien d&rsquo;autres choses encore.<\/p>\n<p>Cliquer sur l&rsquo;image pour acc\u00e9der \u00e0 la rubrique<\/p>\n<p>&nbsp;<\/p>\n<table style=\"height: 396px; width: 100%; border-collapse: collapse;\" border=\"0\">\n<tbody>\n<tr style=\"height: 75px;\">\n<td style=\"width: 47.5709%; height: 75px;\"><a href=\"http:\/\/ceta54.fr\/index.php\/2019\/05\/14\/especes-dabeilles\/\"><img loading=\"lazy\" decoding=\"async\" class=\"wp-image-311 alignright\" src=\"http:\/\/ceta54.fr\/wp-content\/uploads\/2020\/02\/types-abeilles-300x107.jpg\" alt=\"\" width=\"179\" height=\"64\" srcset=\"https:\/\/ceta54.fr\/wp-content\/uploads\/2020\/02\/types-abeilles-300x107.jpg 300w, https:\/\/ceta54.fr\/wp-content\/uploads\/2020\/02\/types-abeilles.jpg 640w\" sizes=\"auto, (max-width: 179px) 100vw, 179px\" \/><\/a><\/td>\n<td style=\"width: 52.3279%; height: 75px;\">\u00a0 \u00a0<strong>Les esp\u00e8ces d&rsquo;abeilles<\/strong><br \/>\n<span style=\"font-size: 10pt;\">\u00a0 \u00a0D\u00e9couvrez les diff\u00e9rentes esp\u00e8ces d&rsquo;abeilles que l&rsquo;on peut trouver dans nos ruchers\u00a0<\/span><\/td>\n<\/tr>\n<tr style=\"height: 96px;\">\n<td style=\"width: 47.5709%; height: 96px;\"><strong>L&rsquo;anatomie de l&rsquo;abeille<\/strong><br \/>\n<span style=\"font-size: 10pt;\">Un exercice qui vous permet d&rsquo;apprendre une petite partie de l&rsquo;anomalie\u00a0 \u00a0 \u00a0<\/span><\/td>\n<td style=\"width: 52.3279%; height: 96px;\"><a href=\"http:\/\/ceta54.fr\/index.php\/2020\/02\/18\/anatomie\/\"><img loading=\"lazy\" decoding=\"async\" class=\"alignnone wp-image-317\" src=\"http:\/\/ceta54.fr\/wp-content\/uploads\/2020\/02\/anatomie-300x198.jpg\" alt=\"\" width=\"136\" height=\"90\" srcset=\"https:\/\/ceta54.fr\/wp-content\/uploads\/2020\/02\/anatomie-300x198.jpg 300w, https:\/\/ceta54.fr\/wp-content\/uploads\/2020\/02\/anatomie-1024x676.jpg 1024w, https:\/\/ceta54.fr\/wp-content\/uploads\/2020\/02\/anatomie-768x507.jpg 768w, https:\/\/ceta54.fr\/wp-content\/uploads\/2020\/02\/anatomie.jpg 1200w\" sizes=\"auto, (max-width: 136px) 100vw, 136px\" \/><\/a><\/td>\n<\/tr>\n<tr style=\"height: 130px;\">\n<td style=\"width: 47.5709%; height: 130px;\"><a href=\"http:\/\/ceta54.fr\/index.php\/2020\/02\/18\/le-vocabulaire-apicole\/\"><img loading=\"lazy\" decoding=\"async\" class=\"wp-image-329 alignright\" src=\"http:\/\/ceta54.fr\/wp-content\/uploads\/2020\/02\/vocabulaire-300x300.jpg\" alt=\"\" width=\"115\" height=\"115\" srcset=\"https:\/\/ceta54.fr\/wp-content\/uploads\/2020\/02\/vocabulaire-300x300.jpg 300w, https:\/\/ceta54.fr\/wp-content\/uploads\/2020\/02\/vocabulaire-150x150.jpg 150w, https:\/\/ceta54.fr\/wp-content\/uploads\/2020\/02\/vocabulaire.jpg 466w\" sizes=\"auto, (max-width: 115px) 100vw, 115px\" \/><\/a><\/td>\n<td style=\"width: 52.3279%; height: 130px;\">\u00a0 \u00a0<strong>La vocabulaire de l&rsquo;apiculture<\/strong><br \/>\n<span style=\"font-size: 10pt;\">\u00a0 \u00a0Un jeu sur le vocabulaire utilis\u00e9 en apiculture<\/span><\/td>\n<\/tr>\n<tr style=\"height: 95px;\">\n<td style=\"width: 47.5709%; height: 95px;\"><strong>Qui suis-je ?<br \/>\n<\/strong><span style=\"font-size: 10pt;\">Questionnaire sur les pollinisateurs (o\u00f9 pas !)<\/span><\/td>\n<td style=\"width: 52.3279%; height: 95px;\">\u00a0 \u00a0<a href=\"http:\/\/ceta54.fr\/index.php\/2020\/02\/18\/qui-suis-je\/\"><img loading=\"lazy\" decoding=\"async\" class=\"alignnone wp-image-336\" src=\"http:\/\/ceta54.fr\/wp-content\/uploads\/2020\/02\/himenoptere-300x102.jpg\" alt=\"\" width=\"241\" height=\"82\" srcset=\"https:\/\/ceta54.fr\/wp-content\/uploads\/2020\/02\/himenoptere-300x102.jpg 300w, https:\/\/ceta54.fr\/wp-content\/uploads\/2020\/02\/himenoptere-768x261.jpg 768w, https:\/\/ceta54.fr\/wp-content\/uploads\/2020\/02\/himenoptere.jpg 902w\" sizes=\"auto, (max-width: 241px) 100vw, 241px\" \/><\/a><\/td>\n<\/tr>\n<\/tbody>\n<\/table>\n<table style=\"border-collapse: collapse; width: 100%; height: 573px;\">\n<tbody>\n<tr style=\"height: 112px;\">\n<td style=\"width: 47.5709%; height: 112px;\"><a href=\"http:\/\/ceta54.fr\/index.php\/2020\/02\/18\/ressources-alimentaires-des-abeilles\/\"><img loading=\"lazy\" decoding=\"async\" class=\"size-medium wp-image-340 alignright\" src=\"http:\/\/ceta54.fr\/wp-content\/uploads\/2020\/02\/2020-02-18_15h43_01-300x96.png\" alt=\"\" width=\"300\" height=\"96\" srcset=\"https:\/\/ceta54.fr\/wp-content\/uploads\/2020\/02\/2020-02-18_15h43_01-300x96.png 300w, https:\/\/ceta54.fr\/wp-content\/uploads\/2020\/02\/2020-02-18_15h43_01-1024x329.png 1024w, https:\/\/ceta54.fr\/wp-content\/uploads\/2020\/02\/2020-02-18_15h43_01-768x246.png 768w, https:\/\/ceta54.fr\/wp-content\/uploads\/2020\/02\/2020-02-18_15h43_01.png 1075w\" sizes=\"auto, (max-width: 300px) 100vw, 300px\" \/><\/a><\/td>\n<td style=\"width: 52.4291%; height: 112px;\"><strong>\u00a0 \u00a0Les ressources<\/strong><br \/>\n<span style=\"font-size: 10pt;\">\u00a0 \u00a0Ressources alimentaire des abeilles en fonction de la saison<\/span><\/td>\n<\/tr>\n<tr style=\"height: 108px;\">\n<td style=\"width: 47.5709%; height: 108px;\"><strong>Les pratiques apicoles<\/strong><br \/>\n<span style=\"font-size: 10pt;\">Une s\u00e9rie de vid\u00e9os sur les pratiques apicoles<\/span><\/td>\n<td style=\"width: 52.4291%; height: 108px;\">\u00a0 \u00a0<a href=\"http:\/\/ceta54.fr\/index.php\/2020\/02\/19\/les-pratiques-apicoles\/\"><img loading=\"lazy\" decoding=\"async\" class=\"alignnone wp-image-384\" src=\"http:\/\/ceta54.fr\/wp-content\/uploads\/2020\/02\/2020-02-20_13h10_59-300x148.png\" alt=\"\" width=\"204\" height=\"101\" srcset=\"https:\/\/ceta54.fr\/wp-content\/uploads\/2020\/02\/2020-02-20_13h10_59-300x148.png 300w, https:\/\/ceta54.fr\/wp-content\/uploads\/2020\/02\/2020-02-20_13h10_59.png 717w\" sizes=\"auto, (max-width: 204px) 100vw, 204px\" \/><\/a><\/td>\n<\/tr>\n<tr style=\"height: 105px;\">\n<td style=\"width: 47.5709%; height: 105px;\"><a href=\"http:\/\/ceta54.fr\/index.php\/2020\/02\/19\/le-systeme-physiologique-de-labeille\/\"><img loading=\"lazy\" decoding=\"async\" class=\"wp-image-387 alignright\" src=\"http:\/\/ceta54.fr\/wp-content\/uploads\/2020\/02\/2020-02-20_13h18_24-300x182.png\" alt=\"\" width=\"148\" height=\"90\" srcset=\"https:\/\/ceta54.fr\/wp-content\/uploads\/2020\/02\/2020-02-20_13h18_24-300x182.png 300w, https:\/\/ceta54.fr\/wp-content\/uploads\/2020\/02\/2020-02-20_13h18_24.png 706w\" sizes=\"auto, (max-width: 148px) 100vw, 148px\" \/><\/a><\/td>\n<td style=\"width: 52.4291%; height: 105px;\">\n<p class=\"entry-title\"><strong>\u00a0 \u00a0Le syst\u00e8me physiologique de l\u2019abeille<\/strong><br \/>\n<span style=\"font-size: 10pt;\">\u00a0 \u00a0Informations sur les diff\u00e9rents syst\u00e8mes physiologiques de l&rsquo;abeille<\/span><\/p>\n<\/td>\n<\/tr>\n<tr style=\"height: 98px;\">\n<td style=\"width: 47.5709%; height: 98px;\"><strong>L&rsquo;abeille<\/strong><br \/>\n<span style=\"font-size: 10pt;\">Un questionnaire pour parfaire les connaissances sur les abeilles<\/span><\/td>\n<td style=\"width: 52.4291%; height: 98px;\">\u00a0 \u00a0<a href=\"http:\/\/ceta54.fr\/index.php\/2020\/02\/19\/labeille\/\"><img loading=\"lazy\" decoding=\"async\" class=\"alignnone wp-image-390\" src=\"http:\/\/ceta54.fr\/wp-content\/uploads\/2020\/02\/abeille-300x149.jpg\" alt=\"\" width=\"183\" height=\"91\" srcset=\"https:\/\/ceta54.fr\/wp-content\/uploads\/2020\/02\/abeille-300x149.jpg 300w, https:\/\/ceta54.fr\/wp-content\/uploads\/2020\/02\/abeille.jpg 750w\" sizes=\"auto, (max-width: 183px) 100vw, 183px\" \/><\/a><\/td>\n<\/tr>\n<tr style=\"height: 102px;\">\n<td style=\"width: 47.5709%; height: 102px;\"><a href=\"http:\/\/ceta54.fr\/index.php\/2020\/02\/19\/dependance-des-polinisateurs\/\"><img loading=\"lazy\" decoding=\"async\" class=\"wp-image-392 alignright\" src=\"http:\/\/ceta54.fr\/wp-content\/uploads\/2020\/02\/2020-02-20_13h45_23-300x168.png\" alt=\"\" width=\"155\" height=\"87\" srcset=\"https:\/\/ceta54.fr\/wp-content\/uploads\/2020\/02\/2020-02-20_13h45_23-300x168.png 300w, https:\/\/ceta54.fr\/wp-content\/uploads\/2020\/02\/2020-02-20_13h45_23.png 697w\" sizes=\"auto, (max-width: 155px) 100vw, 155px\" \/><\/a><\/td>\n<td style=\"width: 52.4291%; height: 102px;\">\u00a0 \u00a0<strong>D\u00e9pendance des pollinisateurs<\/strong><br \/>\n<span style=\"font-size: 10pt;\">\u00a0 \u00a0Quelle d\u00e9pendance des pollinisateurs avons-nous dans notre alimentation<\/span><\/td>\n<\/tr>\n<tr style=\"height: 24px;\">\n<td style=\"width: 47.5709%; height: 24px;\"><strong>Origine des abeilles<\/strong><br \/>\n<span style=\"font-size: 10pt;\">Un cartographie qui situe l&rsquo;origine des abeilles<\/span><\/td>\n<td style=\"width: 52.4291%; height: 24px;\">\u00a0 \u00a0 \u00a0<img loading=\"lazy\" decoding=\"async\" class=\"wp-image-394 alignleft\" src=\"http:\/\/ceta54.fr\/wp-content\/uploads\/2020\/02\/2020-02-20_13h50_08-300x212.png\" alt=\"\" width=\"149\" height=\"105\" srcset=\"https:\/\/ceta54.fr\/wp-content\/uploads\/2020\/02\/2020-02-20_13h50_08-300x212.png 300w, https:\/\/ceta54.fr\/wp-content\/uploads\/2020\/02\/2020-02-20_13h50_08.png 714w\" sizes=\"auto, (max-width: 149px) 100vw, 149px\" \/><\/td>\n<\/tr>\n<tr style=\"height: 24px;\">\n<td style=\"width: 47.5709%; height: 24px;\"><\/td>\n<td style=\"width: 52.4291%; height: 24px;\"><\/td>\n<\/tr>\n<\/tbody>\n<\/table>\n<p>&nbsp;<\/p>\n<p>&nbsp;<\/p>\n<p>&nbsp;<\/p>\n<p>&nbsp;<\/p>\n<p>&nbsp;<\/p>\n<p>&nbsp;<\/p>\n<p>&nbsp;<\/p>\n<p>&nbsp;<\/p>\n<p>&nbsp;<\/p>\n<p>&nbsp;<\/p>\n<p>&nbsp;<\/p>\n<p>&nbsp;<\/p>\n","protected":false},"excerpt":{"rendered":"<p>D\u00e9couvrez le monde des abeilles avec des jeux et vid\u00e9os, le\u00a0 vocabulaire utilis\u00e9, les races d&rsquo;abeilles, l&rsquo;anatomie et bien d&rsquo;autres choses encore. Cliquer sur l&rsquo;image pour acc\u00e9der \u00e0 la rubrique &nbsp; \u00a0 \u00a0Les esp\u00e8ces d&rsquo;abeilles \u00a0 \u00a0D\u00e9couvrez les diff\u00e9rentes esp\u00e8ces d&rsquo;abeilles que l&rsquo;on peut trouver dans nos ruchers\u00a0 L&rsquo;anatomie de l&rsquo;abeille Un exercice qui vous [&hellip;]<\/p>\n","protected":false},"author":2,"featured_media":0,"parent":0,"menu_order":0,"comment_status":"closed","ping_status":"closed","template":"","meta":{"footnotes":""},"class_list":["post-313","page","type-page","status-publish","hentry"],"_links":{"self":[{"href":"https:\/\/ceta54.fr\/index.php\/wp-json\/wp\/v2\/pages\/313","targetHints":{"allow":["GET"]}}],"collection":[{"href":"https:\/\/ceta54.fr\/index.php\/wp-json\/wp\/v2\/pages"}],"about":[{"href":"https:\/\/ceta54.fr\/index.php\/wp-json\/wp\/v2\/types\/page"}],"author":[{"embeddable":true,"href":"https:\/\/ceta54.fr\/index.php\/wp-json\/wp\/v2\/users\/2"}],"replies":[{"embeddable":true,"href":"https:\/\/ceta54.fr\/index.php\/wp-json\/wp\/v2\/comments?post=313"}],"version-history":[{"count":24,"href":"https:\/\/ceta54.fr\/index.php\/wp-json\/wp\/v2\/pages\/313\/revisions"}],"predecessor-version":[{"id":398,"href":"https:\/\/ceta54.fr\/index.php\/wp-json\/wp\/v2\/pages\/313\/revisions\/398"}],"wp:attachment":[{"href":"https:\/\/ceta54.fr\/index.php\/wp-json\/wp\/v2\/media?parent=313"}],"curies":[{"name":"wp","href":"https:\/\/api.w.org\/{rel}","templated":true}]}}