{"id":44,"date":"2022-11-29T22:36:58","date_gmt":"2022-11-29T21:36:58","guid":{"rendered":"http:\/\/ceta54.fr\/?page_id=44"},"modified":"2026-02-01T21:56:20","modified_gmt":"2026-02-01T20:56:20","slug":"lequipe","status":"publish","type":"page","link":"https:\/\/ceta54.fr\/index.php\/lequipe\/","title":{"rendered":"L&rsquo;\u00e9quipe"},"content":{"rendered":"<p>&nbsp;<\/p>\n<table style=\"border-collapse: collapse; width: 99.2492%; height: 173px;\">\n<tbody>\n<tr style=\"height: 173px;\">\n<td style=\"width: 33.3333%; height: 173px;\"><img loading=\"lazy\" decoding=\"async\" class=\"\" src=\"https:\/\/ceta54.fr\/wp-content\/uploads\/2022\/11\/DSC_0424-scaled.jpg\" width=\"400\" height=\"266\" \/><\/td>\n<td style=\"width: 33.3333%; height: 173px;\">\n<p style=\"text-align: center;\"><span style=\"font-size: 14pt; color: #000000;\"><strong>L&rsquo;\u00e9quipe du CETA-54 est constitu\u00e9e de b\u00e9n\u00e9voles passionn\u00e9s par l&rsquo;apiculture et qui partagent leurs exp\u00e9riences de l&rsquo;apiculture<\/strong>.<\/span><\/p>\n<\/td>\n<td style=\"width: 33.3333%; height: 173px;\"><img loading=\"lazy\" decoding=\"async\" class=\"alignright\" src=\"https:\/\/ceta54.fr\/wp-content\/uploads\/2022\/11\/DSC_0419-scaled.jpg\" width=\"400\" height=\"266\" \/><\/td>\n<\/tr>\n<\/tbody>\n<\/table>\n<p style=\"text-align: center;\"><span style=\"color: #000000;\"><strong><u>Composition du CETA-54 :<\/u><\/strong><\/span><\/p>\n<p style=\"text-align: center;\"><strong><span style=\"color: #000000;\">Le Pr\u00e9sident : <\/span><\/strong><span style=\"color: #000000;\">Andr\u00e9 TRUR<\/span><\/p>\n<p style=\"text-align: center;\">\u00a0 <span style=\"color: #000000;\">\u00a0<\/span><span style=\"color: #000000;\"><strong> 1er Vice-Pr\u00e9sident :<\/strong> Yohann KRAUSS<\/span><\/p>\n<p style=\"text-align: center;\"><span style=\"color: #000000; text-align: center;\"><strong>2\u00e8me Vice-Pr\u00e9sident<\/strong> : Philippe LAURENT<\/span><\/p>\n<p style=\"text-align: center;\"><span style=\"color: #000000;\"><strong>Tr\u00e9sori\u00e8re :<\/strong> Jacqueline TRUR<\/span><\/p>\n<p style=\"text-align: center;\"><span style=\"color: #000000;\"><strong>Secr\u00e9taire :<\/strong> Patrick THOMAS\u00a0<\/span><\/p>\n<p style=\"text-align: center;\"><span style=\"color: #000000;\"><strong>Membres actifs :<\/strong><\/span><\/p>\n<p style=\"text-align: center;\"><span style=\"color: #000000;\">Catherine FLEMMICH (charg\u00e9e de communication)<\/span><\/p>\n<p style=\"text-align: center;\"><span style=\"color: #000000;\">Corinne THOMAS<\/span><\/p>\n<p style=\"text-align: center;\"><span style=\"color: #000000;\">Virginie HANRIOT<\/span><\/p>\n<p style=\"text-align: center;\"><span style=\"color: #000000;\">Michel DRANT<\/span><\/p>\n<p style=\"text-align: center;\"><span style=\"color: #000000;\">Serge CHERY<\/span><\/p>\n<p style=\"text-align: center;\"><span style=\"color: #000000;\">Micha\u00ebl ORBAN (charg\u00e9 de planification)<\/span><\/p>\n<p style=\"text-align: center;\"><span style=\"color: #000000;\">Arnaud DUWOYE<\/span><\/p>\n<p style=\"text-align: center;\"><span style=\"color: #000000;\">Fr\u00e9d\u00e9ric MASSIN<\/span><\/p>\n<p style=\"text-align: center;\"><span style=\"color: #000000;\">Gilles ROUX\u00a0<\/span><\/p>\n<p>&nbsp;<\/p>\n<p>&nbsp;<\/p>\n<p>&nbsp;<\/p>\n<p style=\"text-align: center;\">\n","protected":false},"excerpt":{"rendered":"<p>&nbsp; L&rsquo;\u00e9quipe du CETA-54 est constitu\u00e9e de b\u00e9n\u00e9voles passionn\u00e9s par l&rsquo;apiculture et qui partagent leurs exp\u00e9riences de l&rsquo;apiculture. Composition du CETA-54 : Le Pr\u00e9sident : Andr\u00e9 TRUR \u00a0 \u00a0 1er Vice-Pr\u00e9sident : Yohann KRAUSS 2\u00e8me Vice-Pr\u00e9sident : Philippe LAURENT Tr\u00e9sori\u00e8re : Jacqueline TRUR Secr\u00e9taire : Patrick THOMAS\u00a0 Membres actifs : Catherine FLEMMICH (charg\u00e9e de communication) [&hellip;]<\/p>\n","protected":false},"author":2,"featured_media":194,"parent":0,"menu_order":0,"comment_status":"closed","ping_status":"closed","template":"","meta":{"footnotes":""},"class_list":["post-44","page","type-page","status-publish","has-post-thumbnail","hentry"],"_links":{"self":[{"href":"https:\/\/ceta54.fr\/index.php\/wp-json\/wp\/v2\/pages\/44","targetHints":{"allow":["GET"]}}],"collection":[{"href":"https:\/\/ceta54.fr\/index.php\/wp-json\/wp\/v2\/pages"}],"about":[{"href":"https:\/\/ceta54.fr\/index.php\/wp-json\/wp\/v2\/types\/page"}],"author":[{"embeddable":true,"href":"https:\/\/ceta54.fr\/index.php\/wp-json\/wp\/v2\/users\/2"}],"replies":[{"embeddable":true,"href":"https:\/\/ceta54.fr\/index.php\/wp-json\/wp\/v2\/comments?post=44"}],"version-history":[{"count":39,"href":"https:\/\/ceta54.fr\/index.php\/wp-json\/wp\/v2\/pages\/44\/revisions"}],"predecessor-version":[{"id":699,"href":"https:\/\/ceta54.fr\/index.php\/wp-json\/wp\/v2\/pages\/44\/revisions\/699"}],"wp:featuredmedia":[{"embeddable":true,"href":"https:\/\/ceta54.fr\/index.php\/wp-json\/wp\/v2\/media\/194"}],"wp:attachment":[{"href":"https:\/\/ceta54.fr\/index.php\/wp-json\/wp\/v2\/media?parent=44"}],"curies":[{"name":"wp","href":"https:\/\/api.w.org\/{rel}","templated":true}]}}