{"id":453,"date":"2023-01-18T19:27:34","date_gmt":"2023-01-18T18:27:34","guid":{"rendered":"https:\/\/ceta54.fr\/?page_id=453"},"modified":"2024-02-11T20:08:05","modified_gmt":"2024-02-11T19:08:05","slug":"nos-partenaires-et-liens-utiles","status":"publish","type":"page","link":"https:\/\/ceta54.fr\/index.php\/nos-partenaires-et-liens-utiles\/","title":{"rendered":"Nos partenaires et liens utiles"},"content":{"rendered":"<p style=\"text-align: center;\"><span style=\"text-decoration: underline; font-size: 24pt;\"><strong><span style=\"color: #000000; text-decoration: underline;\">Les partenaires du CETA-54 et liens utiles<\/span><\/strong><\/span><\/p>\n<p>&nbsp;<\/p>\n<p><span style=\"text-decoration: underline;\"><strong style=\"color: #000000; text-decoration: underline;\">D\u00e9claration annuelle en ligne des ruches et NAPI :<\/strong><\/span><\/p>\n<p><span style=\"color: #000000;\">Minist\u00e8re de l&rsquo;Agriculture et de l&rsquo;Alimentation :<\/span>\u00a0<span style=\"color: #0000ff;\"><a style=\"color: #0000ff;\" href=\"https:\/\/mesdemarches.agriculture.gouv.fr\" target=\"_blank\" rel=\"noopener\">https:\/\/mesdemarches.agriculture.gouv.fr<\/a><\/span><\/p>\n<p><span style=\"text-decoration: underline;\"><strong><span style=\"color: #000000; text-decoration: underline;\">Portail e-procedure (guichet unique) pour cr\u00e9ation, modification, cessation d&rsquo;entreprises (pour obtention n\u00b0 de SIRET) :<\/span><\/strong><\/span><\/p>\n<p><span style=\"color: #000000;\">Portail e-procedure INPI : <span style=\"color: #0000ff;\"><a style=\"color: #0000ff;\" href=\"https:\/\/procedures.inpi.fr\">https:\/\/procedures.inpi.fr<\/a><\/span><\/span><\/p>\n<p><span style=\"text-decoration: underline; color: #000000;\"><b>Direction D\u00e9partementale de la Protection des Populations de Meurthe et Moselle :<\/b><\/span><\/p>\n<p><span style=\"color: #000000;\">DDPP 54 :<\/span> <span style=\"color: #0000ff;\"><a style=\"color: #0000ff;\" href=\"https:\/\/www.meurthe-et-moselle.gouv.fr\/Actions-de-l-Etat\/Animaux\" target=\"_blank\" rel=\"noopener\">https:\/\/www.meurthe-et-moselle.gouv.fr\/Actions-de-l-Etat\/Animaux<\/a><\/span><\/p>\n<p><strong><span style=\"text-decoration: underline;\"><span style=\"color: #000000; text-decoration: underline;\">Groupement D\u00e9fense Sanitaire Apicole :<\/span><\/span><\/strong><\/p>\n<p><span style=\"color: #000000;\">G.D.S.A. 54 :<\/span>\u00a0 <span style=\"color: #0000ff;\"><a style=\"color: #0000ff;\" href=\"https:\/\/gdsa-grand-est.fr\/gdsa-de-la-meurthe-et-moselle\" target=\"_blank\" rel=\"noopener\">https:\/\/gdsa-grand-est.fr\/gdsa-de-la-meurthe-et-moselle<\/a><\/span><\/p>\n<p><strong><span style=\"text-decoration: underline;\"><span style=\"color: #000000; text-decoration: underline;\">F\u00e9d\u00e9ration Nationale des Organisations Sanitaires Apicoles D\u00e9partementales :<\/span><\/span><\/strong><\/p>\n<p><span style=\"color: #000000;\">F.N.O.S.A.D. : <span style=\"color: #0000ff;\"><a style=\"color: #0000ff;\" href=\"https:\/\/fnosad.com\" target=\"_blank\" rel=\"noopener\">https:\/\/fnosad.com<\/a><\/span><\/span><\/p>\n<p><span style=\"text-decoration: underline;\"><strong><span style=\"color: #000000; text-decoration: underline;\">Syndicat National d&rsquo;Apiculture (revue L&rsquo;Abeille de France) :<\/span><\/strong><\/span><\/p>\n<p><span style=\"color: #000000;\">S.N.A. :<\/span> <span style=\"color: #0000ff;\"><a style=\"color: #0000ff;\" href=\"https:\/\/www.snapiculture.com\/\" target=\"_blank\" rel=\"noopener\">https:\/\/www.snapiculture.com<\/a><\/span><\/p>\n<p><span style=\"text-decoration: underline;\"><strong><span style=\"color: #000000; text-decoration: underline;\">Association pour le D\u00e9veloppement de l&rsquo;Apiculture du Grand Est :<\/span><\/strong><\/span><\/p>\n<p><span style=\"color: #000000;\">ADA Grand Est :<\/span> <span style=\"color: #0000ff;\"><a style=\"color: #0000ff;\" href=\"https:\/\/www.adage.adafrance.org\/\" target=\"_blank\" rel=\"noopener\">https:\/\/www.adage.adafrance.org<\/a><\/span><\/p>\n<p>&nbsp;<\/p>\n<p><strong><span style=\"text-decoration: underline; color: #000000;\">Mat\u00e9riel d&rsquo;apiculture :<\/span><\/strong><\/p>\n<p><span style=\"color: #000000;\">Coop\u00e9rative Apicole du Grand Est &#8211; 57155 MARLY<\/span>\u00a0:\u00a0<span style=\"color: #0000ff;\"><a style=\"color: #0000ff;\" href=\"http:\/\/coopapimetz.com\" target=\"_blank\" rel=\"noopener\">http:\/\/coopapimetz.com<\/a><\/span><\/p>\n<p><span style=\"color: #000000;\">Apiculture Bertschy &#8211; 57930 FENETRANGE :<\/span> <span style=\"color: #0000ff;\"><a style=\"color: #0000ff;\" href=\"https:\/\/apiculture-bertschy.fr\/\" target=\"_blank\" rel=\"noopener\">https:\/\/apiculture-bertschy.fr\/<\/a><\/span><\/p>\n<p>&nbsp;<\/p>\n<p><strong><span style=\"text-decoration: underline; color: #000000;\">Destruction de nids de gu\u00eapes et frelons :<\/span><\/strong><\/p>\n<p><span style=\"color: #000000;\">GU\u00caPE ECLAIR <span style=\"color: #0000ff;\">: <a style=\"color: #0000ff;\" href=\"https:\/\/guepe-eclair.fr\" target=\"_blank\" rel=\"noopener\">https:\/\/guepe-eclair.fr<\/a><\/span><\/span><\/p>\n<p>&nbsp;<\/p>\n<p><strong><span style=\"text-decoration: underline;\"><span style=\"color: #000000; text-decoration: underline;\">Mairie de Norroy les Pont \u00e0 Mousson :<\/span><\/span><\/strong><\/p>\n<p><span style=\"color: #000000;\">Mairie Norroy les Pont \u00e0 Mousson :<\/span> <a href=\"https:\/\/www.norroypam.fr\" target=\"_blank\" rel=\"noopener\"><span style=\"color: #0000ff;\">https:\/\/www.norroypam.fr<\/span><\/a><\/p>\n<p>&nbsp;<\/p>\n<p><strong><span style=\"text-decoration: underline;\"><span style=\"color: #000000; text-align: center; text-decoration: underline;\">Informatique : D\u00e9veloppeur Web <\/span><\/span><\/strong><\/p>\n<p><span style=\"color: #000000;\"><span style=\"text-align: center;\">Web Nancy :<\/span><span style=\"text-align: center;\">\u00a0<\/span><\/span><a style=\"color: #0000ff;\" href=\"https:\/\/web-nancy.fr\" target=\"_blank\" rel=\"noopener\">https:\/\/web-nancy.fr<\/a><\/p>\n","protected":false},"excerpt":{"rendered":"<p>Les partenaires du CETA-54 et liens utiles &nbsp; D\u00e9claration annuelle en ligne des ruches et NAPI : Minist\u00e8re de l&rsquo;Agriculture et de l&rsquo;Alimentation :\u00a0https:\/\/mesdemarches.agriculture.gouv.fr Portail e-procedure (guichet unique) pour cr\u00e9ation, modification, cessation d&rsquo;entreprises (pour obtention n\u00b0 de SIRET) : Portail e-procedure INPI : https:\/\/procedures.inpi.fr Direction D\u00e9partementale de la Protection des Populations de Meurthe et Moselle [&hellip;]<\/p>\n","protected":false},"author":2,"featured_media":0,"parent":0,"menu_order":0,"comment_status":"closed","ping_status":"closed","template":"","meta":{"footnotes":""},"class_list":["post-453","page","type-page","status-publish","hentry"],"_links":{"self":[{"href":"https:\/\/ceta54.fr\/index.php\/wp-json\/wp\/v2\/pages\/453","targetHints":{"allow":["GET"]}}],"collection":[{"href":"https:\/\/ceta54.fr\/index.php\/wp-json\/wp\/v2\/pages"}],"about":[{"href":"https:\/\/ceta54.fr\/index.php\/wp-json\/wp\/v2\/types\/page"}],"author":[{"embeddable":true,"href":"https:\/\/ceta54.fr\/index.php\/wp-json\/wp\/v2\/users\/2"}],"replies":[{"embeddable":true,"href":"https:\/\/ceta54.fr\/index.php\/wp-json\/wp\/v2\/comments?post=453"}],"version-history":[{"count":41,"href":"https:\/\/ceta54.fr\/index.php\/wp-json\/wp\/v2\/pages\/453\/revisions"}],"predecessor-version":[{"id":643,"href":"https:\/\/ceta54.fr\/index.php\/wp-json\/wp\/v2\/pages\/453\/revisions\/643"}],"wp:attachment":[{"href":"https:\/\/ceta54.fr\/index.php\/wp-json\/wp\/v2\/media?parent=453"}],"curies":[{"name":"wp","href":"https:\/\/api.w.org\/{rel}","templated":true}]}}